{"id":969,"date":"2021-05-05T10:25:23","date_gmt":"2021-05-05T07:25:23","guid":{"rendered":"https:\/\/kourukoski.fi\/?page_id=969"},"modified":"2023-03-18T20:44:35","modified_gmt":"2023-03-18T18:44:35","slug":"aktiviteetit","status":"publish","type":"page","link":"https:\/\/kourukoski.fi\/de\/aktiviteetit\/","title":{"rendered":"Activities"},"content":{"rendered":"\n<p><strong>Kourukosken pihapiirin rakennukset ja maastot ovat vuokrattavissa yksityistilaisuuksiin<\/strong>. <\/p>\n\n\n\n<ul class=\"wp-block-list\">\n<li>Majoitusta mets\u00e4st\u00e4jille <\/li>\n\n\n\n<li>Majoitusta er\u00e4henkisille ja luonnon rauhasta nauttiville<\/li>\n\n\n\n<li>Rajoitetusti ohjattuja mets\u00e4stysreissuja yhteisty\u00f6ss\u00e4 paikallisen er\u00e4oppaan kanssa<\/li>\n\n\n\n<li>Haulikkokoulu &amp; Kiv\u00e4\u00e4rikoulun tilaustapahtumat <\/li>\n\n\n\n<li>Koiraharrastajille ja koirankoulutustapahtumiin<\/li>\n\n\n\n<li>Tyky-p\u00e4iv\u00e4n viettoon ty\u00f6porukan kanssa <\/li>\n\n\n\n<li>P\u00e4iv\u00e4retkikohteeksi, ruokailu isossa kodassa<\/li>\n\n\n\n<li>Juhlatapahtumiin<\/li>\n\n\n\n<li>Voitte tiedustella my\u00f6s ruokailun j\u00e4rjest\u00e4misest\u00e4 isommille ryhmille. Raaka-aineet pyrit\u00e4\u00e4n hankkimaan mahdollisuuksien mukaan l\u00e4hiruokaperiaatteella. <\/li>\n<\/ul>\n\n\n\n<h2 class=\"wp-block-heading\"><strong>Kourukosken iso p\u00e4rekota<\/strong><\/h2>\n\n\n\n<p>Kourukosken pihapiiriss\u00e4 on valtavan iso ja viihtyis\u00e4 pyramidin muotoinen p\u00e4rekota. Siell\u00e4 on mukava viett\u00e4\u00e4 aikaa isommallakin porukalla, kotaan mahtuu noin 70 henkil\u00f6\u00e4. <\/p>\n\n\n\n<p>Keskell\u00e4 kotaa on iso tulisija, jolla voi valmistaa ruokaa avotulella ja keitt\u00e4\u00e4 nokipannukahvit. Kota on monik\u00e4ytt\u00f6inen pitkinen p\u00f6ytineen ja penkkeineen ja siell\u00e4 on s\u00e4hk\u00f6t. Se toimii hyvin ruokailutilana, luentotilana tai vaikkapa esiintymis-esittelytilana. Ruokailu ja ruoan valmistaminen on mahdollista j\u00e4rjest\u00e4\u00e4 kodassa tai er\u00e4k\u00e4mp\u00e4ss\u00e4. Avotulella kypsyy loimulohi, hampurilaisateria, l\u00e4mmin riistaleip\u00e4, letut jne.<\/p>\n\n\n\n<div class=\"wp-block-group\"><div class=\"wp-block-group__inner-container is-layout-flow wp-block-group-is-layout-flow\"><div class=\"wp-block-image\">\n<figure class=\"aligncenter size-full\"><img loading=\"lazy\" decoding=\"async\" width=\"682\" height=\"384\" src=\"https:\/\/kourukoski.fi\/wp-content\/uploads\/sites\/10\/2023\/02\/Kourukoski_kota2.jpg\" alt=\"\" class=\"wp-image-1081\" srcset=\"https:\/\/kourukoski.fi\/wp-content\/uploads\/sites\/10\/2023\/02\/Kourukoski_kota2.jpg 682w, https:\/\/kourukoski.fi\/wp-content\/uploads\/sites\/10\/2023\/02\/Kourukoski_kota2-300x169.jpg 300w\" sizes=\"auto, (max-width: 682px) 100vw, 682px\" \/><figcaption class=\"wp-element-caption\">Kourukosken pihapiiri &#8211; Iso kota ja er\u00e4aitta<\/figcaption><\/figure>\n<\/div><\/div><\/div>\n\n\n<div class=\"wp-block-image\">\n<figure class=\"aligncenter size-full\"><img loading=\"lazy\" decoding=\"async\" width=\"443\" height=\"591\" src=\"https:\/\/kourukoski.fi\/wp-content\/uploads\/sites\/10\/2023\/02\/Kota_sisalta-rotated.jpg\" alt=\"\" class=\"wp-image-1082\" srcset=\"https:\/\/kourukoski.fi\/wp-content\/uploads\/sites\/10\/2023\/02\/Kota_sisalta-rotated.jpg 443w, https:\/\/kourukoski.fi\/wp-content\/uploads\/sites\/10\/2023\/02\/Kota_sisalta-225x300.jpg 225w\" sizes=\"auto, (max-width: 443px) 100vw, 443px\" \/><figcaption class=\"wp-element-caption\">Kurkistus sis\u00e4lle kotaan<\/figcaption><\/figure>\n<\/div>\n\n\n<p>Ruokailu ja ruoan valmistaminen on mahdollista my\u00f6s er\u00e4k\u00e4mp\u00e4n keitti\u00f6ss\u00e4. Siell\u00e4 onnistuu juhlavampikin kattaus.<\/p>\n\n\n<div class=\"wp-block-image\">\n<figure class=\"aligncenter size-full is-resized\"><img loading=\"lazy\" decoding=\"async\" src=\"https:\/\/kourukoski.fi\/wp-content\/uploads\/sites\/10\/2023\/02\/Erakamppa_sisalta.jpg\" alt=\"\" class=\"wp-image-1083\" width=\"588\" height=\"441\" srcset=\"https:\/\/kourukoski.fi\/wp-content\/uploads\/sites\/10\/2023\/02\/Erakamppa_sisalta.jpg 960w, https:\/\/kourukoski.fi\/wp-content\/uploads\/sites\/10\/2023\/02\/Erakamppa_sisalta-300x225.jpg 300w, https:\/\/kourukoski.fi\/wp-content\/uploads\/sites\/10\/2023\/02\/Erakamppa_sisalta-768x576.jpg 768w\" sizes=\"auto, (max-width: 588px) 100vw, 588px\" \/><figcaption class=\"wp-element-caption\">Keitti\u00f6 ja ruokailutila Kourukosken er\u00e4k\u00e4mp\u00e4ss\u00e4<\/figcaption><\/figure>\n<\/div>\n\n\n<h2 class=\"wp-block-heading\"><strong>Haulikkokoulu &amp; Kiv\u00e4\u00e4rikoulu koulutukset ja tilaustapahtumat <\/strong><\/h2>\n\n\n\n<p>Kourukoskella j\u00e4rjestet\u00e4\u00e4n vuosittain Haulikkokoulu &amp; Kiv\u00e4\u00e4rikoulun peruskursseja ja tarpeen mukaan my\u00f6s jatkokursseja sek\u00e4 yksityisopetusta. Opetus on yksil\u00f6llist\u00e4 ja laadukasta &#8211; tavoitteena on paremmat riistalaukaukset mets\u00e4stystilanteissa.<\/p>\n\n\n\n<p>Haulikkokoulu &amp; Kiv\u00e4\u00e4rinkoulu kursseilla teoriatiedon ja k\u00e4yt\u00e4nn\u00f6n harjoitteiden my\u00f6t\u00e4 osallistuja saa valmiudet parempiin riistalaukauksiin ja omatoimiseen harjoitteluun.&nbsp;Ammunta tapahtuu aina kouluttajan henkil\u00f6kohtaisessa ohjauksessa ampujan omaa kehittymist\u00e4 tukien.<\/p>\n\n\n\n<p>Kourukoskella on mahdollista j\u00e4rjest\u00e4\u00e4 my\u00f6s tilauskoulutus &#8220;omalle&#8221; porukalle Haulikkokoulu &amp; Kiv\u00e4\u00e4rikoulun toimiessa kouluttajana sek\u00e4 siihen voi yhdist\u00e4\u00e4 esim. viikonlopun vieton Kourukoskella aktiviteetteineen. Mukava vaihtoehto esim. mets\u00e4st\u00e4v\u00e4lle koiraharrastusporukalle. Mik\u00e4li kiinnostuit esim. tilaustapahtumista, ole yhteydess\u00e4 s\u00e4hk\u00f6postiosoitteeseen kauppa@kivaarikoulu.fi<\/p>\n\n\n\n<p>Tutustu Haulikkokoulu &amp; Kiv\u00e4\u00e4rikoulun toimintaan ja kurssitarjontaan heid\u00e4n nettisivuilta <a href=\"https:\/\/kivaarikoulu.fi\/koulutus\/haulikkokoulu\/\" target=\"_blank\" rel=\"noreferrer noopener\">https:\/\/kivaarikoulu.fi\/koulutus\/haulikkokoulu\/<\/a> <\/p>\n\n\n\n<figure class=\"wp-block-image size-large\"><img loading=\"lazy\" decoding=\"async\" width=\"1024\" height=\"768\" src=\"https:\/\/kourukoski.fi\/wp-content\/uploads\/sites\/10\/2023\/03\/DSC_2769-1024x768.jpg\" alt=\"\" class=\"wp-image-1192\" srcset=\"https:\/\/kourukoski.fi\/wp-content\/uploads\/sites\/10\/2023\/03\/DSC_2769-1024x768.jpg 1024w, https:\/\/kourukoski.fi\/wp-content\/uploads\/sites\/10\/2023\/03\/DSC_2769-300x225.jpg 300w, https:\/\/kourukoski.fi\/wp-content\/uploads\/sites\/10\/2023\/03\/DSC_2769-768x576.jpg 768w, https:\/\/kourukoski.fi\/wp-content\/uploads\/sites\/10\/2023\/03\/DSC_2769-1536x1152.jpg 1536w, https:\/\/kourukoski.fi\/wp-content\/uploads\/sites\/10\/2023\/03\/DSC_2769-2048x1536.jpg 2048w\" sizes=\"auto, (max-width: 1024px) 100vw, 1024px\" \/><\/figure>\n\n\n\n<h2 class=\"wp-block-heading\"><strong>Er\u00e4sauna<\/strong><\/h2>\n\n\n\n<p>Saunomista rakastaville l\u00f6ytyy joen \u00e4\u00e4relt\u00e4 tunnelmallinen ja tilava er\u00e4sauna, jossa aika vier\u00e4ht\u00e4\u00e4 nopeasti vuoroin lempeist\u00e4 l\u00f6ylyist\u00e4 nauttien ja vuoroin virkist\u00e4v\u00e4ss\u00e4 jokivedess\u00e4 uiden. Joskus voi olla jopa niin onnekas, ett\u00e4 saunan ikkunasta n\u00e4kee majavan, saukon tai muita el\u00e4imi\u00e4.<\/p>\n\n\n<div class=\"wp-block-image\">\n<figure class=\"aligncenter size-full\"><img loading=\"lazy\" decoding=\"async\" width=\"682\" height=\"384\" src=\"https:\/\/kourukoski.fi\/wp-content\/uploads\/sites\/10\/2023\/02\/Kourukoski_sauna.jpg\" alt=\"\" class=\"wp-image-1084\" srcset=\"https:\/\/kourukoski.fi\/wp-content\/uploads\/sites\/10\/2023\/02\/Kourukoski_sauna.jpg 682w, https:\/\/kourukoski.fi\/wp-content\/uploads\/sites\/10\/2023\/02\/Kourukoski_sauna-300x169.jpg 300w\" sizes=\"auto, (max-width: 682px) 100vw, 682px\" \/><figcaption class=\"wp-element-caption\">Ilmakuva Kourukosken er\u00e4saunasta. Kuvaaja Pekka Lahti<\/figcaption><\/figure>\n<\/div>\n\n<div class=\"wp-block-image\">\n<figure class=\"aligncenter size-full\"><img loading=\"lazy\" decoding=\"async\" width=\"443\" height=\"591\" src=\"https:\/\/kourukoski.fi\/wp-content\/uploads\/sites\/10\/2023\/02\/Sauna_sisalta-rotated.jpg\" alt=\"\" class=\"wp-image-1086\" srcset=\"https:\/\/kourukoski.fi\/wp-content\/uploads\/sites\/10\/2023\/02\/Sauna_sisalta-rotated.jpg 443w, https:\/\/kourukoski.fi\/wp-content\/uploads\/sites\/10\/2023\/02\/Sauna_sisalta-225x300.jpg 225w\" sizes=\"auto, (max-width: 443px) 100vw, 443px\" \/><figcaption class=\"wp-element-caption\">Tunnelmallinen er\u00e4sauna sis\u00e4lt\u00e4 talvisena saunailtana<\/figcaption><\/figure>\n<\/div>\n\n\n<h2 class=\"wp-block-heading\">Kourukosken pihapiiri ja ymp\u00e4r\u00f6iv\u00e4 maasto<\/h2>\n\n\n\n<p>Pihapiiri\u00e4 ymp\u00e4r\u00f6i my\u00f6s isot peltoaukeat noin 5 ha ja mets\u00e4aluetta 30 ha, joten alue soveltuu eritt\u00e4in hyvin koirien kanssa oleiluun ja harrastamiseen. Kourukoskelle koirat ovat eritt\u00e4in tervetulleita. <\/p>\n\n\n\n<p>Mets\u00e4hallituksen Peuraj\u00e4rven mets\u00e4stysmaat ovat aivan Kourukosken \u00e4\u00e4rell\u00e4. Valtion maille kanalinnustamaan tai majavajahtiin p\u00e4\u00e4see pihapiirist\u00e4 k\u00e4vellen tai hiiht\u00e4en niin halutessaan.<\/p>\n\n\n<div class=\"wp-block-image\">\n<figure class=\"aligncenter size-full\"><img loading=\"lazy\" decoding=\"async\" width=\"660\" height=\"396\" src=\"https:\/\/kourukoski.fi\/wp-content\/uploads\/sites\/10\/2023\/02\/Kourukoski_eramaan_aarella-1.jpg\" alt=\"\" class=\"wp-image-1087\" srcset=\"https:\/\/kourukoski.fi\/wp-content\/uploads\/sites\/10\/2023\/02\/Kourukoski_eramaan_aarella-1.jpg 660w, https:\/\/kourukoski.fi\/wp-content\/uploads\/sites\/10\/2023\/02\/Kourukoski_eramaan_aarella-1-300x180.jpg 300w\" sizes=\"auto, (max-width: 660px) 100vw, 660px\" \/><figcaption class=\"wp-element-caption\">Ilmakuva, jossa n\u00e4kyy Kourukosken pihapiiri sek\u00e4 ymp\u00e4r\u00f6iv\u00e4 maasto<\/figcaption><\/figure>\n<\/div>\n\n\n<p><strong>Frisbeegolfin pelaaminen.<\/strong> Kes\u00e4isin er\u00e4m\u00f6kin pihapiiriss\u00e4 on kuuden korin frisbeegolfrata, jossa voi pist\u00e4\u00e4 kisan pystyyn kavereiden kanssa.<\/p>\n\n\n<div class=\"wp-block-image\">\n<figure class=\"aligncenter size-full\"><img loading=\"lazy\" decoding=\"async\" width=\"418\" height=\"627\" src=\"https:\/\/kourukoski.fi\/wp-content\/uploads\/sites\/10\/2023\/02\/Frisbeegolf-rotated.jpg\" alt=\"\" class=\"wp-image-1091\" srcset=\"https:\/\/kourukoski.fi\/wp-content\/uploads\/sites\/10\/2023\/02\/Frisbeegolf-rotated.jpg 418w, https:\/\/kourukoski.fi\/wp-content\/uploads\/sites\/10\/2023\/02\/Frisbeegolf-200x300.jpg 200w\" sizes=\"auto, (max-width: 418px) 100vw, 418px\" \/><figcaption class=\"wp-element-caption\">Frisbeegolfin pelaaminen<\/figcaption><\/figure>\n<\/div>\n\n\n<p>Kev\u00e4isin pyrimme kylv\u00e4m\u00e4\u00e4n riistapeltoja luonnon monimuotoisuutta lis\u00e4t\u00e4ksemme. Alla kuvia kes\u00e4n 2022 riistapelloista.<\/p>\n\n\n\n<figure class=\"wp-block-gallery has-nested-images columns-default is-cropped wp-block-gallery-1 is-layout-flex wp-block-gallery-is-layout-flex\">\n<figure class=\"wp-block-image size-large\"><img loading=\"lazy\" decoding=\"async\" width=\"443\" height=\"591\" data-id=\"1090\" src=\"https:\/\/kourukoski.fi\/wp-content\/uploads\/sites\/10\/2023\/02\/Riistapelto2-1-rotated.jpg\" alt=\"\" class=\"wp-image-1090\" srcset=\"https:\/\/kourukoski.fi\/wp-content\/uploads\/sites\/10\/2023\/02\/Riistapelto2-1-rotated.jpg 443w, https:\/\/kourukoski.fi\/wp-content\/uploads\/sites\/10\/2023\/02\/Riistapelto2-1-225x300.jpg 225w\" sizes=\"auto, (max-width: 443px) 100vw, 443px\" \/><figcaption class=\"wp-element-caption\">Auringonkukkariistapelto<\/figcaption><\/figure>\n\n\n\n<figure class=\"wp-block-image size-large\"><img loading=\"lazy\" decoding=\"async\" width=\"591\" height=\"443\" data-id=\"1088\" src=\"https:\/\/kourukoski.fi\/wp-content\/uploads\/sites\/10\/2023\/02\/Riistapelto_2.jpg\" alt=\"\" class=\"wp-image-1088\" srcset=\"https:\/\/kourukoski.fi\/wp-content\/uploads\/sites\/10\/2023\/02\/Riistapelto_2.jpg 591w, https:\/\/kourukoski.fi\/wp-content\/uploads\/sites\/10\/2023\/02\/Riistapelto_2-300x225.jpg 300w\" sizes=\"auto, (max-width: 591px) 100vw, 591px\" \/><figcaption class=\"wp-element-caption\">Riistapellossa \u00f6ljyretikkaa, rehunaurista, hirvidianaseos<\/figcaption><\/figure>\n<\/figure>\n\n\n\n<h2 class=\"wp-block-heading\">Vesille meloen ja soutaen<\/h2>\n\n\n\n<p>Kourukoskella on mahdollista meloa ja soutaa. Kourukoskella on kaksi muovista kajakkia sek\u00e4 soudettava kanootti eli venootti vierailijoiden k\u00e4ytt\u00f6\u00f6n. Kourukoskella voi kalastaa (kalastonhoitomaksu ja vapalupa tarvitaan). <\/p>\n\n\n<div class=\"wp-block-image\">\n<figure class=\"aligncenter size-full\"><img loading=\"lazy\" decoding=\"async\" width=\"591\" height=\"443\" src=\"https:\/\/kourukoski.fi\/wp-content\/uploads\/sites\/10\/2023\/02\/Melontaa_polvilammella.jpg\" alt=\"\" class=\"wp-image-1094\" srcset=\"https:\/\/kourukoski.fi\/wp-content\/uploads\/sites\/10\/2023\/02\/Melontaa_polvilammella.jpg 591w, https:\/\/kourukoski.fi\/wp-content\/uploads\/sites\/10\/2023\/02\/Melontaa_polvilammella-300x225.jpg 300w\" sizes=\"auto, (max-width: 591px) 100vw, 591px\" \/><figcaption class=\"wp-element-caption\">Melomassa kauniilla Polvilammella<\/figcaption><\/figure>\n<\/div>\n\n<div class=\"wp-block-image\">\n<figure class=\"aligncenter size-large\"><img loading=\"lazy\" decoding=\"async\" width=\"1024\" height=\"683\" src=\"https:\/\/kourukoski.fi\/wp-content\/uploads\/sites\/10\/2023\/02\/Venootti2-1024x683.jpg\" alt=\"\" class=\"wp-image-1096\" srcset=\"https:\/\/kourukoski.fi\/wp-content\/uploads\/sites\/10\/2023\/02\/Venootti2-1024x683.jpg 1024w, https:\/\/kourukoski.fi\/wp-content\/uploads\/sites\/10\/2023\/02\/Venootti2-300x200.jpg 300w, https:\/\/kourukoski.fi\/wp-content\/uploads\/sites\/10\/2023\/02\/Venootti2-768x512.jpg 768w, https:\/\/kourukoski.fi\/wp-content\/uploads\/sites\/10\/2023\/02\/Venootti2-1536x1024.jpg 1536w, https:\/\/kourukoski.fi\/wp-content\/uploads\/sites\/10\/2023\/02\/Venootti2-2048x1365.jpg 2048w\" sizes=\"auto, (max-width: 1024px) 100vw, 1024px\" \/><figcaption class=\"wp-element-caption\">Melomassa venootilla joella<\/figcaption><\/figure>\n<\/div>\n\n\n<p>Peuraj\u00e4rven kalastusalueen palveluista lis\u00e4tietoa Er\u00e4luvat sivustolta<a href=\"https:\/\/www.eraluvat.fi\/kalastus\/kalastusmaksut-ja-luvat\/vapalupa\/alueet\/peurajarven-kalastusalue.html\" target=\"_blank\" rel=\"noreferrer noopener\"> https:\/\/www.eraluvat.fi\/kalastus\/kalastusmaksut-ja-luvat\/vapalupa\/alueet\/peurajarven-kalastusalue.html<\/a><\/p>\n\n\n<div class=\"wp-block-image\">\n<figure class=\"aligncenter size-full\"><img loading=\"lazy\" decoding=\"async\" width=\"443\" height=\"591\" src=\"https:\/\/kourukoski.fi\/wp-content\/uploads\/sites\/10\/2023\/02\/Venootissa-rotated.jpg\" alt=\"\" class=\"wp-image-1097\" srcset=\"https:\/\/kourukoski.fi\/wp-content\/uploads\/sites\/10\/2023\/02\/Venootissa-rotated.jpg 443w, https:\/\/kourukoski.fi\/wp-content\/uploads\/sites\/10\/2023\/02\/Venootissa-225x300.jpg 225w\" sizes=\"auto, (max-width: 443px) 100vw, 443px\" \/><figcaption class=\"wp-element-caption\">Kalastamista, valokuvausta ja retkeily\u00e4 <\/figcaption><\/figure>\n<\/div>\n\n\n<h2 class=\"wp-block-heading\"><strong>Peuraj\u00e4rven reitit ja Hiidenportin kansallispuisto<\/strong><\/h2>\n\n\n\n<p>Hyv\u00e4kuntoisia hiekkateit\u00e4 pitkin on mukava lenkkeill\u00e4 tai py\u00f6r\u00e4ill\u00e4. Kourukoskella on yksi polkup\u00f6yr\u00e4 k\u00e4ytett\u00e4viss\u00e4. Maisemat vaihtelevat m\u00e4ntykankaista, joki-, j\u00e4rvi-, vaara- ja suomaisemiin. Hillasuo, marja ja sienimaastoja l\u00f6ytyy Kourukosken \u00e4\u00e4relt\u00e4. <\/p>\n\n\n\n<p>Hiidenportin  kansallispuisto on l\u00e4hist\u00f6ll\u00e4 mik\u00e4li patikointi kansallispuiston maisemissa kiinnostaa. Kuhmo &#8211; Valtimo maantien (no 5284) varrella on kansallispuiston K\u00e4\u00e4rmes\u00e4rk\u00e4n pys\u00e4kointialue, jonne Kourukoskelta on matkaa noin 17 km.<\/p>\n\n\n\n<p>Peuraj\u00e4rven virkistysalue, joka on my\u00f6s Mets\u00e4hallituksen kalastusalue, sijaitsee noin 10 km p\u00e4\u00e4ss\u00e4 Kourukoskelta. Sielt\u00e4 l\u00f6ytyy opastetut patikkareitit kuten M\u00e4ntyj\u00e4rven kierto noin 7 km ja Iso-Valkeisen kierto 6 km. Tietoa reiteist\u00e4 l\u00f6ytyy mm. Outdoor Activen sivustolta ja alla olevista linkeist\u00e4 p\u00e4\u00e4set tutustumaan reitteihin:   <\/p>\n\n\n\n<p><a href=\"https:\/\/out.ac\/3vIFnX\" target=\"_blank\" rel=\"noreferrer noopener\">M\u00e4ntyj\u00e4rven kierto \u00bb<\/a><\/p>\n\n\n\n<p><a href=\"https:\/\/out.ac\/3usBeP\" target=\"_blank\" rel=\"noreferrer noopener\">Iso-Valkeisen kierto \u00bb<\/a> <\/p>\n\n\n<div class=\"wp-block-image\">\n<figure class=\"aligncenter size-full\"><img loading=\"lazy\" decoding=\"async\" width=\"443\" height=\"591\" src=\"https:\/\/kourukoski.fi\/wp-content\/uploads\/sites\/10\/2023\/02\/Peurajarven_alueen_kauniit_maisemat-rotated.jpg\" alt=\"\" class=\"wp-image-1092\" srcset=\"https:\/\/kourukoski.fi\/wp-content\/uploads\/sites\/10\/2023\/02\/Peurajarven_alueen_kauniit_maisemat-rotated.jpg 443w, https:\/\/kourukoski.fi\/wp-content\/uploads\/sites\/10\/2023\/02\/Peurajarven_alueen_kauniit_maisemat-225x300.jpg 225w\" sizes=\"auto, (max-width: 443px) 100vw, 443px\" \/><figcaption class=\"wp-element-caption\">Kuva Peuraj\u00e4rven alueen j\u00e4rvilt\u00e4<\/figcaption><\/figure>\n<\/div>\n\n<div class=\"wp-block-image\">\n<figure class=\"aligncenter size-full\"><img loading=\"lazy\" decoding=\"async\" width=\"443\" height=\"591\" src=\"https:\/\/kourukoski.fi\/wp-content\/uploads\/sites\/10\/2023\/02\/Hillamaastot-rotated.jpg\" alt=\"\" class=\"wp-image-1093\" srcset=\"https:\/\/kourukoski.fi\/wp-content\/uploads\/sites\/10\/2023\/02\/Hillamaastot-rotated.jpg 443w, https:\/\/kourukoski.fi\/wp-content\/uploads\/sites\/10\/2023\/02\/Hillamaastot-225x300.jpg 225w\" sizes=\"auto, (max-width: 443px) 100vw, 443px\" \/><figcaption class=\"wp-element-caption\">Hillasuolla<\/figcaption><\/figure>\n<\/div>\n\n\n<p><\/p>\n","protected":false},"excerpt":{"rendered":"<p>Kourukosken pihapiirin rakennukset ja maastot ovat vuokrattavissa yksityistilaisuuksiin. Kourukosken iso p\u00e4rekota Kourukosken pihapiiriss\u00e4 on valtavan iso ja viihtyis\u00e4 pyramidin muotoinen p\u00e4rekota. Siell\u00e4 on mukava viett\u00e4\u00e4 aikaa isommallakin porukalla, kotaan mahtuu noin 70 henkil\u00f6\u00e4. Keskell\u00e4 kotaa on iso tulisija, jolla voi valmistaa ruokaa avotulella ja keitt\u00e4\u00e4 nokipannukahvit. Kota on monik\u00e4ytt\u00f6inen pitkinen p\u00f6ytineen ja penkkeineen ja siell\u00e4 [&hellip;]<\/p>\n","protected":false},"author":21,"featured_media":0,"parent":0,"menu_order":0,"comment_status":"closed","ping_status":"closed","template":"","meta":{"footnotes":""},"class_list":["post-969","page","type-page","status-publish","hentry"],"translation":{"provider":"WPGlobus","version":"3.0.2","language":"de","enabled_languages":["fi","en","de"],"languages":{"fi":{"title":true,"content":true,"excerpt":false},"en":{"title":true,"content":true,"excerpt":false},"de":{"title":true,"content":true,"excerpt":false}}},"yoast_head":"<!-- This site is optimized with the Yoast SEO plugin v27.2 - https:\/\/yoast.com\/product\/yoast-seo-wordpress\/ -->\n<title>Mets\u00e4stys Er\u00e4sauna Melonta Kalastus - Kourukosken aktiviteetit<\/title>\n<meta name=\"robots\" content=\"index, follow, max-snippet:-1, max-image-preview:large, max-video-preview:-1\" \/>\n<link rel=\"canonical\" href=\"https:\/\/kourukoski.fi\/aktiviteetit\/\" \/>\n<meta property=\"og:locale\" content=\"de_DE\" \/>\n<meta property=\"og:type\" content=\"article\" \/>\n<meta property=\"og:title\" content=\"Activities - Kourukoski\" \/>\n<meta property=\"og:url\" content=\"https:\/\/kourukoski.fi\/aktiviteetit\/\" \/>\n<meta property=\"og:site_name\" content=\"Kourukoski\" \/>\n<meta property=\"article:modified_time\" content=\"2023-03-18T18:44:35+00:00\" \/>\n<meta property=\"og:image\" content=\"https:\/\/kourukoski.fi\/wp-content\/uploads\/sites\/10\/2023\/02\/Kourukoski_kota2.jpg\" \/>\n<meta name=\"twitter:card\" content=\"summary_large_image\" \/>\n<meta name=\"twitter:label1\" content=\"Est. reading time\" \/>\n\t<meta name=\"twitter:data1\" content=\"6 minutes\" \/>\n<script type=\"application\/ld+json\" class=\"yoast-schema-graph\">{\"@context\":\"https:\/\/schema.org\",\"@graph\":[{\"@type\":\"WebPage\",\"@id\":\"https:\/\/kourukoski.fi\/aktiviteetit\/\",\"url\":\"https:\/\/kourukoski.fi\/aktiviteetit\/\",\"name\":\"Mets\u00e4stys Er\u00e4sauna Melonta Kalastus - Kourukosken aktiviteetit\",\"isPartOf\":{\"@id\":\"https:\/\/kourukoski.fi\/#website\"},\"primaryImageOfPage\":{\"@id\":\"https:\/\/kourukoski.fi\/aktiviteetit\/#primaryimage\"},\"image\":{\"@id\":\"https:\/\/kourukoski.fi\/aktiviteetit\/#primaryimage\"},\"thumbnailUrl\":\"https:\/\/kourukoski.fi\/wp-content\/uploads\/sites\/10\/2023\/02\/Kourukoski_kota2.jpg\",\"datePublished\":\"2021-05-05T07:25:23+00:00\",\"dateModified\":\"2023-03-18T18:44:35+00:00\",\"description\":\"Majoitusta er\u00e4k\u00e4mp\u00e4ss\u00e4 ja mets\u00e4styst\u00e4 Peuraj\u00e4rven mets\u00e4hallituksen mailla. Saunominen er\u00e4saunassa, ruokailu ja ruoanlaitto isossa p\u00e4rekodassa.\",\"breadcrumb\":{\"@id\":\"https:\/\/kourukoski.fi\/aktiviteetit\/#breadcrumb\"},\"inLanguage\":\"de-DE\",\"potentialAction\":[{\"@type\":\"ReadAction\",\"target\":[\"https:\/\/kourukoski.fi\/aktiviteetit\/\"]}]},{\"@type\":\"ImageObject\",\"inLanguage\":\"de-DE\",\"@id\":\"https:\/\/kourukoski.fi\/aktiviteetit\/#primaryimage\",\"url\":\"https:\/\/kourukoski.fi\/wp-content\/uploads\/sites\/10\/2023\/02\/Kourukoski_kota2.jpg\",\"contentUrl\":\"https:\/\/kourukoski.fi\/wp-content\/uploads\/sites\/10\/2023\/02\/Kourukoski_kota2.jpg\"},{\"@type\":\"BreadcrumbList\",\"@id\":\"https:\/\/kourukoski.fi\/aktiviteetit\/#breadcrumb\",\"itemListElement\":[{\"@type\":\"ListItem\",\"position\":1,\"name\":\"Home\",\"item\":\"https:\/\/kourukoski.fi\/\"},{\"@type\":\"ListItem\",\"position\":2,\"name\":\"Activities\"}]},{\"@type\":\"WebSite\",\"@id\":\"https:\/\/kourukoski.fi\/#website\",\"url\":\"https:\/\/kourukoski.fi\/\",\"name\":\"Kourukoski\",\"description\":\"Kourukoski Oy\",\"publisher\":{\"@id\":\"https:\/\/kourukoski.fi\/#organization\"},\"potentialAction\":[{\"@type\":\"SearchAction\",\"target\":{\"@type\":\"EntryPoint\",\"urlTemplate\":\"https:\/\/kourukoski.fi\/?s={search_term_string}\"},\"query-input\":{\"@type\":\"PropertyValueSpecification\",\"valueRequired\":true,\"valueName\":\"search_term_string\"}}],\"inLanguage\":\"de-DE\"},{\"@type\":\"Organization\",\"@id\":\"https:\/\/kourukoski.fi\/#organization\",\"name\":\"Kourukoski\",\"url\":\"https:\/\/kourukoski.fi\/\",\"logo\":{\"@type\":\"ImageObject\",\"inLanguage\":\"de-DE\",\"@id\":\"https:\/\/kourukoski.fi\/#\/schema\/logo\/image\/\",\"url\":\"https:\/\/kourukoski.fi\/wp-content\/uploads\/sites\/10\/2020\/01\/kourukoski-logo-valkea-transparent.png\",\"contentUrl\":\"https:\/\/kourukoski.fi\/wp-content\/uploads\/sites\/10\/2020\/01\/kourukoski-logo-valkea-transparent.png\",\"width\":1200,\"height\":603,\"caption\":\"Kourukoski\"},\"image\":{\"@id\":\"https:\/\/kourukoski.fi\/#\/schema\/logo\/image\/\"}}]}<\/script>\n<!-- \/ Yoast SEO plugin. -->","yoast_head_json":{"title":"Mets\u00e4stys Er\u00e4sauna Melonta Kalastus - Kourukosken aktiviteetit","robots":{"index":"index","follow":"follow","max-snippet":"max-snippet:-1","max-image-preview":"max-image-preview:large","max-video-preview":"max-video-preview:-1"},"canonical":"https:\/\/kourukoski.fi\/aktiviteetit\/","og_locale":"de_DE","og_type":"article","og_title":"Activities - Kourukoski","og_url":"https:\/\/kourukoski.fi\/aktiviteetit\/","og_site_name":"Kourukoski","article_modified_time":"2023-03-18T18:44:35+00:00","og_image":[{"url":"https:\/\/kourukoski.fi\/wp-content\/uploads\/sites\/10\/2023\/02\/Kourukoski_kota2.jpg","type":"","width":"","height":""}],"twitter_card":"summary_large_image","twitter_misc":{"Est. reading time":"6 minutes"},"schema":{"@context":"https:\/\/schema.org","@graph":[{"@type":"WebPage","@id":"https:\/\/kourukoski.fi\/aktiviteetit\/","url":"https:\/\/kourukoski.fi\/aktiviteetit\/","name":"Mets\u00e4stys Er\u00e4sauna Melonta Kalastus - Kourukosken aktiviteetit","isPartOf":{"@id":"https:\/\/kourukoski.fi\/#website"},"primaryImageOfPage":{"@id":"https:\/\/kourukoski.fi\/aktiviteetit\/#primaryimage"},"image":{"@id":"https:\/\/kourukoski.fi\/aktiviteetit\/#primaryimage"},"thumbnailUrl":"https:\/\/kourukoski.fi\/wp-content\/uploads\/sites\/10\/2023\/02\/Kourukoski_kota2.jpg","datePublished":"2021-05-05T07:25:23+00:00","dateModified":"2023-03-18T18:44:35+00:00","description":"Majoitusta er\u00e4k\u00e4mp\u00e4ss\u00e4 ja mets\u00e4styst\u00e4 Peuraj\u00e4rven mets\u00e4hallituksen mailla. Saunominen er\u00e4saunassa, ruokailu ja ruoanlaitto isossa p\u00e4rekodassa.","breadcrumb":{"@id":"https:\/\/kourukoski.fi\/aktiviteetit\/#breadcrumb"},"inLanguage":"de-DE","potentialAction":[{"@type":"ReadAction","target":["https:\/\/kourukoski.fi\/aktiviteetit\/"]}]},{"@type":"ImageObject","inLanguage":"de-DE","@id":"https:\/\/kourukoski.fi\/aktiviteetit\/#primaryimage","url":"https:\/\/kourukoski.fi\/wp-content\/uploads\/sites\/10\/2023\/02\/Kourukoski_kota2.jpg","contentUrl":"https:\/\/kourukoski.fi\/wp-content\/uploads\/sites\/10\/2023\/02\/Kourukoski_kota2.jpg"},{"@type":"BreadcrumbList","@id":"https:\/\/kourukoski.fi\/aktiviteetit\/#breadcrumb","itemListElement":[{"@type":"ListItem","position":1,"name":"Home","item":"https:\/\/kourukoski.fi\/"},{"@type":"ListItem","position":2,"name":"Activities"}]},{"@type":"WebSite","@id":"https:\/\/kourukoski.fi\/#website","url":"https:\/\/kourukoski.fi\/","name":"Kourukoski","description":"Kourukoski Oy","publisher":{"@id":"https:\/\/kourukoski.fi\/#organization"},"potentialAction":[{"@type":"SearchAction","target":{"@type":"EntryPoint","urlTemplate":"https:\/\/kourukoski.fi\/?s={search_term_string}"},"query-input":{"@type":"PropertyValueSpecification","valueRequired":true,"valueName":"search_term_string"}}],"inLanguage":"de-DE"},{"@type":"Organization","@id":"https:\/\/kourukoski.fi\/#organization","name":"Kourukoski","url":"https:\/\/kourukoski.fi\/","logo":{"@type":"ImageObject","inLanguage":"de-DE","@id":"https:\/\/kourukoski.fi\/#\/schema\/logo\/image\/","url":"https:\/\/kourukoski.fi\/wp-content\/uploads\/sites\/10\/2020\/01\/kourukoski-logo-valkea-transparent.png","contentUrl":"https:\/\/kourukoski.fi\/wp-content\/uploads\/sites\/10\/2020\/01\/kourukoski-logo-valkea-transparent.png","width":1200,"height":603,"caption":"Kourukoski"},"image":{"@id":"https:\/\/kourukoski.fi\/#\/schema\/logo\/image\/"}}]}},"_links":{"self":[{"href":"https:\/\/kourukoski.fi\/de\/wp-json\/wp\/v2\/pages\/969","targetHints":{"allow":["GET"]}}],"collection":[{"href":"https:\/\/kourukoski.fi\/de\/wp-json\/wp\/v2\/pages"}],"about":[{"href":"https:\/\/kourukoski.fi\/de\/wp-json\/wp\/v2\/types\/page"}],"author":[{"embeddable":true,"href":"https:\/\/kourukoski.fi\/de\/wp-json\/wp\/v2\/users\/21"}],"replies":[{"embeddable":true,"href":"https:\/\/kourukoski.fi\/de\/wp-json\/wp\/v2\/comments?post=969"}],"version-history":[{"count":4,"href":"https:\/\/kourukoski.fi\/de\/wp-json\/wp\/v2\/pages\/969\/revisions"}],"predecessor-version":[{"id":1219,"href":"https:\/\/kourukoski.fi\/de\/wp-json\/wp\/v2\/pages\/969\/revisions\/1219"}],"wp:attachment":[{"href":"https:\/\/kourukoski.fi\/de\/wp-json\/wp\/v2\/media?parent=969"}],"curies":[{"name":"wp","href":"https:\/\/api.w.org\/{rel}","templated":true}]}}